{"id":72,"date":"2025-12-30T15:47:15","date_gmt":"2025-12-30T15:47:15","guid":{"rendered":"https:\/\/www.bysomme.com\/?page_id=72"},"modified":"2025-12-30T15:51:49","modified_gmt":"2025-12-30T15:51:49","slug":"visite-de-la-region","status":"publish","type":"page","link":"https:\/\/www.bysomme.com\/index.php\/visite-de-la-region\/","title":{"rendered":"Visite de la r\u00e9gion"},"content":{"rendered":"\n<p><strong>\u00c0 la d\u00e9couverte des villes voisines<\/strong><\/p>\n\n\n\n<p>Id\u00e9alement situ\u00e9, notre g\u00eete \u00e0 M\u00e9aulte permet de rayonner facilement vers plusieurs villes embl\u00e9matiques des Hauts-de-France.<\/p>\n\n\n\n<p><strong>Albert, <\/strong>\u00e0 quelques minutes seulement, est indissociable de l\u2019histoire de la Premi\u00e8re Guerre mondiale. Son mus\u00e9e Somme 1916, install\u00e9 dans des galeries souterraines, offre une immersion saisissante dans le quotidien des soldats. La basilique Notre-Dame de Brebi\u00e8res, reconnaissable \u00e0 sa c\u00e9l\u00e8bre Vierge dor\u00e9e, domine la ville et constitue un symbole fort du patrimoine local.<\/p>\n\n\n\n<div class=\"wp-block-media-text is-stacked-on-mobile is-image-fill-element\" style=\"grid-template-columns:44% auto\"><figure class=\"wp-block-media-text__media\"><img loading=\"lazy\" decoding=\"async\" width=\"360\" height=\"507\" src=\"https:\/\/www.bysomme.com\/wp-content\/uploads\/2025\/12\/image-1.png\" alt=\"\" class=\"wp-image-94 size-full\" style=\"object-position:50% 50%\" srcset=\"https:\/\/www.bysomme.com\/wp-content\/uploads\/2025\/12\/image-1.png 360w, https:\/\/www.bysomme.com\/wp-content\/uploads\/2025\/12\/image-1-213x300.png 213w\" sizes=\"auto, (max-width: 360px) 100vw, 360px\" \/><\/figure><div class=\"wp-block-media-text__content\">\n<div class=\"wp-block-group is-nowrap is-layout-flex wp-container-core-group-is-layout-ad2f72ca wp-block-group-is-layout-flex\">\n<figure class=\"wp-block-image size-full is-resized\"><img loading=\"lazy\" decoding=\"async\" width=\"203\" height=\"280\" src=\"https:\/\/www.bysomme.com\/wp-content\/uploads\/2025\/12\/image-3.png\" alt=\"\" class=\"wp-image-99\" style=\"width:235px;height:auto\"\/><\/figure>\n<\/div>\n<\/div><\/div>\n\n\n\n<p><strong>Amiens,<\/strong> capitale de la Picardie, s\u00e9duit par sa majestueuse cath\u00e9drale Notre-Dame, class\u00e9e au patrimoine mondial de l\u2019UNESCO. Les Hortillonnages, jardins flottants uniques en Europe, invitent \u00e0 une promenade paisible en barque ou \u00e0 pied. Le quartier anim\u00e9 de Saint-Leu, avec ses restaurants et ses terrasses au bord de l\u2019eau, compl\u00e8te agr\u00e9ablement la visite.<\/p>\n\n\n\n<div class=\"wp-block-cover\" style=\"min-height:334px;aspect-ratio:unset;\"><img loading=\"lazy\" decoding=\"async\" width=\"581\" height=\"690\" class=\"wp-block-cover__image-background wp-image-95\" alt=\"\" src=\"https:\/\/www.bysomme.com\/wp-content\/uploads\/2025\/12\/cat-amiens.png\" data-object-fit=\"cover\" srcset=\"https:\/\/www.bysomme.com\/wp-content\/uploads\/2025\/12\/cat-amiens.png 581w, https:\/\/www.bysomme.com\/wp-content\/uploads\/2025\/12\/cat-amiens-253x300.png 253w\" sizes=\"auto, (max-width: 581px) 100vw, 581px\" \/><span aria-hidden=\"true\" class=\"wp-block-cover__background has-background-dim\"><\/span><div class=\"wp-block-cover__inner-container is-layout-flow wp-block-cover-is-layout-flow\">\n<p class=\"has-text-align-center has-large-font-size\">Notre Dame d&rsquo;Amiens<\/p>\n<\/div><\/div>\n\n\n\n<div class=\"wp-block-cover\" style=\"min-height:500px;aspect-ratio:unset;\"><img loading=\"lazy\" decoding=\"async\" width=\"355\" height=\"352\" class=\"wp-block-cover__image-background wp-image-96\" alt=\"\" src=\"https:\/\/www.bysomme.com\/wp-content\/uploads\/2025\/12\/hort-.png\" data-object-fit=\"cover\" srcset=\"https:\/\/www.bysomme.com\/wp-content\/uploads\/2025\/12\/hort-.png 355w, https:\/\/www.bysomme.com\/wp-content\/uploads\/2025\/12\/hort--300x297.png 300w, https:\/\/www.bysomme.com\/wp-content\/uploads\/2025\/12\/hort--150x150.png 150w, https:\/\/www.bysomme.com\/wp-content\/uploads\/2025\/12\/hort--100x100.png 100w\" sizes=\"auto, (max-width: 355px) 100vw, 355px\" \/><span aria-hidden=\"true\" class=\"wp-block-cover__background has-background-dim\"><\/span><div class=\"wp-block-cover__inner-container is-layout-flow wp-block-cover-is-layout-flow\">\n<p class=\"has-text-align-center has-large-font-size\">Les Hortillonages<\/p>\n\n\n\n<p><\/p>\n\n\n\n<p><\/p>\n<\/div><\/div>\n\n\n\n<p><strong>Arras<\/strong>, ville d\u2019art et d\u2019histoire, est r\u00e9put\u00e9e pour ses superbes places baroques, la Grand\u2019Place et la place des H\u00e9ros, bord\u00e9es de fa\u00e7ades flamandes. Le beffroi, \u00e9galement class\u00e9 \u00e0 l\u2019UNESCO, offre une vue panoramique remarquable. Sous la ville, les Boves, galeries souterraines historiques, d\u00e9voilent un autre visage d\u2019Arras, charg\u00e9 de myst\u00e8re et d\u2019histoire.<\/p>\n\n\n\n<div class=\"wp-block-cover\" style=\"min-height:397px;aspect-ratio:unset;\"><img loading=\"lazy\" decoding=\"async\" width=\"417\" height=\"273\" class=\"wp-block-cover__image-background wp-image-97\" alt=\"\" src=\"https:\/\/www.bysomme.com\/wp-content\/uploads\/2025\/12\/arras.png\" data-object-fit=\"cover\" srcset=\"https:\/\/www.bysomme.com\/wp-content\/uploads\/2025\/12\/arras.png 417w, https:\/\/www.bysomme.com\/wp-content\/uploads\/2025\/12\/arras-300x196.png 300w\" sizes=\"auto, (max-width: 417px) 100vw, 417px\" \/><span aria-hidden=\"true\" class=\"wp-block-cover__background has-background-dim\"><\/span><div class=\"wp-block-cover__inner-container is-layout-flow wp-block-cover-is-layout-flow\">\n<p class=\"has-text-align-center has-large-font-size\"><\/p>\n<\/div><\/div>\n\n\n\n<p>Ces villes, toutes accessibles en moins d\u2019une heure, enrichissent votre s\u00e9jour de d\u00e9couvertes culturelles, historiques et gastronomiques.<\/p>\n","protected":false},"excerpt":{"rendered":"<p>\u00c0 la d\u00e9couverte des villes voisines Id\u00e9alement situ\u00e9, notre g\u00eete \u00e0 M\u00e9aulte permet de rayonner facilement vers plusieurs villes embl\u00e9matiques des Hauts-de-France. Albert, \u00e0 quelques minutes seulement, est indissociable de l\u2019histoire de la Premi\u00e8re Guerre mondiale. Son mus\u00e9e Somme 1916, install\u00e9 dans des galeries souterraines, offre une immersion saisissante dans le quotidien des soldats. La<\/p>\n<div class=\"more-link\">\n\t\t\t\t <a href=\"https:\/\/www.bysomme.com\/index.php\/visite-de-la-region\/\" class=\"link-btn theme-btn\"><span>Read More <\/span> <i class=\"fa fa-caret-right\"><\/i><\/a>\n\t\t\t<\/div>\n","protected":false},"author":1,"featured_media":0,"parent":0,"menu_order":0,"comment_status":"closed","ping_status":"closed","template":"","meta":{"footnotes":""},"class_list":["post-72","page","type-page","status-publish","hentry"],"_links":{"self":[{"href":"https:\/\/www.bysomme.com\/index.php\/wp-json\/wp\/v2\/pages\/72","targetHints":{"allow":["GET"]}}],"collection":[{"href":"https:\/\/www.bysomme.com\/index.php\/wp-json\/wp\/v2\/pages"}],"about":[{"href":"https:\/\/www.bysomme.com\/index.php\/wp-json\/wp\/v2\/types\/page"}],"author":[{"embeddable":true,"href":"https:\/\/www.bysomme.com\/index.php\/wp-json\/wp\/v2\/users\/1"}],"replies":[{"embeddable":true,"href":"https:\/\/www.bysomme.com\/index.php\/wp-json\/wp\/v2\/comments?post=72"}],"version-history":[{"count":3,"href":"https:\/\/www.bysomme.com\/index.php\/wp-json\/wp\/v2\/pages\/72\/revisions"}],"predecessor-version":[{"id":113,"href":"https:\/\/www.bysomme.com\/index.php\/wp-json\/wp\/v2\/pages\/72\/revisions\/113"}],"wp:attachment":[{"href":"https:\/\/www.bysomme.com\/index.php\/wp-json\/wp\/v2\/media?parent=72"}],"curies":[{"name":"wp","href":"https:\/\/api.w.org\/{rel}","templated":true}]}}