{"id":71,"date":"2025-12-30T16:22:42","date_gmt":"2025-12-30T16:22:42","guid":{"rendered":"https:\/\/www.bysomme.com\/?page_id=71"},"modified":"2026-01-05T20:47:38","modified_gmt":"2026-01-05T20:47:38","slug":"descriptif-du-logement","status":"publish","type":"page","link":"https:\/\/www.bysomme.com\/index.php\/descriptif-du-logement\/","title":{"rendered":"Descriptif du logement"},"content":{"rendered":"\n<p><strong>Un s\u00e9jour tout confort<\/strong><\/p>\n\n\n\n<p>Vous serez imm\u00e9diatement s\u00e9duit par l\u2019ambiance chaleureuse et soign\u00e9e de ce logement. Il se compose de :<\/p>\n\n\n\n<ul class=\"wp-block-list\">\n<li>Un s\u00e9jour, avec canap\u00e9 convertible confortable, t\u00e9l\u00e9vision (acc\u00e8s Prime Video, Netflix), et une cuisine enti\u00e8rement \u00e9quip\u00e9e pour pr\u00e9parer vos repas comme \u00e0 la maison<\/li>\n\n\n\n<li>Une grande chambre avec un lit double (160\u00d7190) pour des nuits paisibles ; &nbsp;<\/li>\n\n\n\n<li>Un espace bien-\u00eatre privatif avec SPA, id\u00e9al pour vous relaxer en toute intimit\u00e9 apr\u00e8s une journ\u00e9e de visite, ainsi que la salle de bain attenante. &nbsp;<\/li>\n<\/ul>\n\n\n\n<p>Le linge de lit et de toilette est fourni, ainsi que des peignoirs pour profiter pleinement de l\u2019espace spa en toute s\u00e9r\u00e9nit\u00e9.&nbsp;<\/p>\n\n\n\n<figure class=\"wp-block-gallery has-nested-images columns-default is-cropped wp-block-gallery-1 is-layout-flex wp-block-gallery-is-layout-flex\"><div class=\"wp-block-image\">\n<figure class=\"aligncenter size-large\"><img loading=\"lazy\" decoding=\"async\" width=\"683\" height=\"1024\" data-id=\"127\" src=\"https:\/\/www.bysomme.com\/wp-content\/uploads\/2026\/01\/IMG_6428-683x1024.jpg\" alt=\"\" class=\"wp-image-127\" srcset=\"https:\/\/www.bysomme.com\/wp-content\/uploads\/2026\/01\/IMG_6428-683x1024.jpg 683w, https:\/\/www.bysomme.com\/wp-content\/uploads\/2026\/01\/IMG_6428-200x300.jpg 200w, https:\/\/www.bysomme.com\/wp-content\/uploads\/2026\/01\/IMG_6428-768x1152.jpg 768w, https:\/\/www.bysomme.com\/wp-content\/uploads\/2026\/01\/IMG_6428-1024x1536.jpg 1024w, https:\/\/www.bysomme.com\/wp-content\/uploads\/2026\/01\/IMG_6428-1365x2048.jpg 1365w, https:\/\/www.bysomme.com\/wp-content\/uploads\/2026\/01\/IMG_6428-scaled.jpg 1707w\" sizes=\"auto, (max-width: 683px) 100vw, 683px\" \/><\/figure>\n<\/div><\/figure>\n\n\n\n<figure class=\"wp-block-gallery has-nested-images columns-default is-cropped wp-block-gallery-2 is-layout-flex wp-block-gallery-is-layout-flex\">\n<figure class=\"wp-block-image size-large\"><img loading=\"lazy\" decoding=\"async\" width=\"1024\" height=\"683\" data-id=\"128\" src=\"https:\/\/www.bysomme.com\/wp-content\/uploads\/2026\/01\/IMG_6434-1024x683.jpg\" alt=\"\" class=\"wp-image-128\" srcset=\"https:\/\/www.bysomme.com\/wp-content\/uploads\/2026\/01\/IMG_6434-1024x683.jpg 1024w, https:\/\/www.bysomme.com\/wp-content\/uploads\/2026\/01\/IMG_6434-300x200.jpg 300w, https:\/\/www.bysomme.com\/wp-content\/uploads\/2026\/01\/IMG_6434-768x512.jpg 768w, https:\/\/www.bysomme.com\/wp-content\/uploads\/2026\/01\/IMG_6434-1536x1024.jpg 1536w, https:\/\/www.bysomme.com\/wp-content\/uploads\/2026\/01\/IMG_6434-2048x1365.jpg 2048w\" sizes=\"auto, (max-width: 1024px) 100vw, 1024px\" \/><\/figure>\n<\/figure>\n\n\n\n<figure class=\"wp-block-image size-large\"><img loading=\"lazy\" decoding=\"async\" width=\"1024\" height=\"683\" src=\"https:\/\/www.bysomme.com\/wp-content\/uploads\/2026\/01\/IMG_6495-1024x683.jpg\" alt=\"\" class=\"wp-image-130\" srcset=\"https:\/\/www.bysomme.com\/wp-content\/uploads\/2026\/01\/IMG_6495-1024x683.jpg 1024w, https:\/\/www.bysomme.com\/wp-content\/uploads\/2026\/01\/IMG_6495-300x200.jpg 300w, https:\/\/www.bysomme.com\/wp-content\/uploads\/2026\/01\/IMG_6495-768x512.jpg 768w, https:\/\/www.bysomme.com\/wp-content\/uploads\/2026\/01\/IMG_6495-1536x1024.jpg 1536w, https:\/\/www.bysomme.com\/wp-content\/uploads\/2026\/01\/IMG_6495-2048x1365.jpg 2048w\" sizes=\"auto, (max-width: 1024px) 100vw, 1024px\" \/><\/figure>\n\n\n\n<figure class=\"wp-block-image size-large\"><img loading=\"lazy\" decoding=\"async\" width=\"683\" height=\"1024\" src=\"https:\/\/www.bysomme.com\/wp-content\/uploads\/2026\/01\/IMG_6531-683x1024.jpg\" alt=\"\" class=\"wp-image-131\" srcset=\"https:\/\/www.bysomme.com\/wp-content\/uploads\/2026\/01\/IMG_6531-683x1024.jpg 683w, https:\/\/www.bysomme.com\/wp-content\/uploads\/2026\/01\/IMG_6531-200x300.jpg 200w, https:\/\/www.bysomme.com\/wp-content\/uploads\/2026\/01\/IMG_6531-768x1152.jpg 768w, https:\/\/www.bysomme.com\/wp-content\/uploads\/2026\/01\/IMG_6531-1024x1536.jpg 1024w, https:\/\/www.bysomme.com\/wp-content\/uploads\/2026\/01\/IMG_6531-1365x2048.jpg 1365w, https:\/\/www.bysomme.com\/wp-content\/uploads\/2026\/01\/IMG_6531-scaled.jpg 1707w\" sizes=\"auto, (max-width: 683px) 100vw, 683px\" \/><\/figure>\n\n\n\n<figure class=\"wp-block-image size-large\"><img loading=\"lazy\" decoding=\"async\" width=\"683\" height=\"1024\" src=\"https:\/\/www.bysomme.com\/wp-content\/uploads\/2026\/01\/IMG_6508-683x1024.jpg\" alt=\"\" class=\"wp-image-132\" srcset=\"https:\/\/www.bysomme.com\/wp-content\/uploads\/2026\/01\/IMG_6508-683x1024.jpg 683w, https:\/\/www.bysomme.com\/wp-content\/uploads\/2026\/01\/IMG_6508-200x300.jpg 200w, https:\/\/www.bysomme.com\/wp-content\/uploads\/2026\/01\/IMG_6508-768x1152.jpg 768w, https:\/\/www.bysomme.com\/wp-content\/uploads\/2026\/01\/IMG_6508-1024x1536.jpg 1024w, https:\/\/www.bysomme.com\/wp-content\/uploads\/2026\/01\/IMG_6508-1365x2048.jpg 1365w, https:\/\/www.bysomme.com\/wp-content\/uploads\/2026\/01\/IMG_6508-scaled.jpg 1707w\" sizes=\"auto, (max-width: 683px) 100vw, 683px\" \/><\/figure>\n\n\n\n<figure class=\"wp-block-image size-large\"><img loading=\"lazy\" decoding=\"async\" width=\"1024\" height=\"683\" src=\"https:\/\/www.bysomme.com\/wp-content\/uploads\/2026\/01\/IMG_6562-1-1024x683.jpg\" alt=\"\" class=\"wp-image-133\" srcset=\"https:\/\/www.bysomme.com\/wp-content\/uploads\/2026\/01\/IMG_6562-1-1024x683.jpg 1024w, https:\/\/www.bysomme.com\/wp-content\/uploads\/2026\/01\/IMG_6562-1-300x200.jpg 300w, https:\/\/www.bysomme.com\/wp-content\/uploads\/2026\/01\/IMG_6562-1-768x512.jpg 768w, https:\/\/www.bysomme.com\/wp-content\/uploads\/2026\/01\/IMG_6562-1-1536x1024.jpg 1536w, https:\/\/www.bysomme.com\/wp-content\/uploads\/2026\/01\/IMG_6562-1-2048x1365.jpg 2048w\" sizes=\"auto, (max-width: 1024px) 100vw, 1024px\" \/><\/figure>\n\n\n\n<p><strong>Des \u00e9quipements pour un s\u00e9jour agr\u00e9able<\/strong><\/p>\n\n\n\n<p>Pour votre confort et votre tranquillit\u00e9, le g\u00eete offre :<\/p>\n\n\n\n<ul class=\"wp-block-list\">\n<li>Wi-Fi gratuit<\/li>\n\n\n\n<li>Cuisine \u00e9quip\u00e9e (four, plaques de cuisson, micro-ondes, cafeti\u00e8re Senseo, grille-pain, etc.) ; &nbsp;<\/li>\n\n\n\n<li>Terrasse privative avec salon de jardin pour profiter des beaux jours ; &nbsp;<\/li>\n\n\n\n<li>Parking clos et s\u00e9curis\u00e9 pouvant accueillir voitures, motos ou camping-cars ; &nbsp;<\/li>\n\n\n\n<li>Arriv\u00e9e autonome gr\u00e2ce \u00e0 une bo\u00eete \u00e0 cl\u00e9 s\u00e9curis\u00e9e. &nbsp;<\/li>\n<\/ul>\n\n\n\n<figure class=\"wp-block-image size-full\"><img loading=\"lazy\" decoding=\"async\" width=\"750\" height=\"988\" src=\"https:\/\/www.bysomme.com\/wp-content\/uploads\/2026\/01\/couverture-web.jpeg\" alt=\"\" class=\"wp-image-134\" srcset=\"https:\/\/www.bysomme.com\/wp-content\/uploads\/2026\/01\/couverture-web.jpeg 750w, https:\/\/www.bysomme.com\/wp-content\/uploads\/2026\/01\/couverture-web-228x300.jpeg 228w\" sizes=\"auto, (max-width: 750px) 100vw, 750px\" \/><\/figure>\n\n\n\n<figure class=\"wp-block-image size-large\"><img loading=\"lazy\" decoding=\"async\" width=\"1024\" height=\"683\" src=\"https:\/\/www.bysomme.com\/wp-content\/uploads\/2026\/01\/IMG_6598-1024x683.jpg\" alt=\"\" class=\"wp-image-135\" srcset=\"https:\/\/www.bysomme.com\/wp-content\/uploads\/2026\/01\/IMG_6598-1024x683.jpg 1024w, https:\/\/www.bysomme.com\/wp-content\/uploads\/2026\/01\/IMG_6598-300x200.jpg 300w, https:\/\/www.bysomme.com\/wp-content\/uploads\/2026\/01\/IMG_6598-768x512.jpg 768w, https:\/\/www.bysomme.com\/wp-content\/uploads\/2026\/01\/IMG_6598-1536x1024.jpg 1536w, https:\/\/www.bysomme.com\/wp-content\/uploads\/2026\/01\/IMG_6598-2048x1365.jpg 2048w\" sizes=\"auto, (max-width: 1024px) 100vw, 1024px\" \/><\/figure>\n\n\n\n<p><strong>Un emplacement privil\u00e9gi\u00e9<\/strong><\/p>\n\n\n\n<p>Le g\u00eete se trouve dans un environnement calme et paisible, parfait pour se d\u00e9tendre loin du tumulte citadin. \u00c0 seulement 500 m d\u2019une boulangerie et \u00e0 quelques minutes en voiture des commodit\u00e9s (restaurants, bars, supermarch\u00e9s), vous aurez tout \u00e0 port\u00e9e de main.&nbsp;<\/p>\n\n\n\n<p>Vous serez \u00e9galement bien situ\u00e9 pour d\u00e9couvrir les richesses locales :<\/p>\n\n\n\n<ul class=\"wp-block-list\">\n<li>Les villes historiques d\u2019Amiens, Arras, Albert ou P\u00e9ronne ; &nbsp;<\/li>\n\n\n\n<li>Les sites du circuit du Souvenir (Thiepval, Beaumont-Hamel, Villers-Bretonneux\u2026) <\/li>\n\n\n\n<li>Et \u00e0 environ 1h10, la magnifique Baie de Somme et ses plages de sable. &nbsp;<\/li>\n<\/ul>\n\n\n\n<p><strong>Votre exp\u00e9rience chez nous<\/strong><\/p>\n\n\n\n<p>Que vous cherchiez un s\u00e9jour romantique, une escapade d\u00e9tente ou une base id\u00e9ale pour explorer la r\u00e9gion, le g\u00eete \u201cBy Somme\u201d vous accueille dans un cadre chaleureux, confortable et enti\u00e8rement \u00e9quip\u00e9. Nous nous engageons \u00e0 faire de votre s\u00e9jour une exp\u00e9rience inoubliable, alliant authenticit\u00e9 picarde, bien-\u00eatre et tranquillit\u00e9.<\/p>\n\n\n\n<p><strong>Arriv\u00e9e et d\u00e9part<\/strong><\/p>\n\n\n\n<ul class=\"wp-block-list\">\n<li>Arriv\u00e9e : \u00e0 partir de 16H00<\/li>\n\n\n\n<li>D\u00e9part : avant 11H00<\/li>\n<\/ul>\n\n\n\n<p><\/p>\n\n\n\n<p><\/p>\n","protected":false},"excerpt":{"rendered":"<p>Un s\u00e9jour tout confort Vous serez imm\u00e9diatement s\u00e9duit par l\u2019ambiance chaleureuse et soign\u00e9e de ce logement. Il se compose de : Le linge de lit et de toilette est fourni, ainsi que des peignoirs pour profiter pleinement de l\u2019espace spa en toute s\u00e9r\u00e9nit\u00e9.&nbsp; Des \u00e9quipements pour un s\u00e9jour agr\u00e9able Pour votre confort et votre tranquillit\u00e9,<\/p>\n<div class=\"more-link\">\n\t\t\t\t <a href=\"https:\/\/www.bysomme.com\/index.php\/descriptif-du-logement\/\" class=\"link-btn theme-btn\"><span>Read More <\/span> <i class=\"fa fa-caret-right\"><\/i><\/a>\n\t\t\t<\/div>\n","protected":false},"author":1,"featured_media":126,"parent":0,"menu_order":0,"comment_status":"closed","ping_status":"closed","template":"","meta":{"footnotes":""},"class_list":["post-71","page","type-page","status-publish","has-post-thumbnail","hentry"],"_links":{"self":[{"href":"https:\/\/www.bysomme.com\/index.php\/wp-json\/wp\/v2\/pages\/71","targetHints":{"allow":["GET"]}}],"collection":[{"href":"https:\/\/www.bysomme.com\/index.php\/wp-json\/wp\/v2\/pages"}],"about":[{"href":"https:\/\/www.bysomme.com\/index.php\/wp-json\/wp\/v2\/types\/page"}],"author":[{"embeddable":true,"href":"https:\/\/www.bysomme.com\/index.php\/wp-json\/wp\/v2\/users\/1"}],"replies":[{"embeddable":true,"href":"https:\/\/www.bysomme.com\/index.php\/wp-json\/wp\/v2\/comments?post=71"}],"version-history":[{"count":3,"href":"https:\/\/www.bysomme.com\/index.php\/wp-json\/wp\/v2\/pages\/71\/revisions"}],"predecessor-version":[{"id":143,"href":"https:\/\/www.bysomme.com\/index.php\/wp-json\/wp\/v2\/pages\/71\/revisions\/143"}],"wp:featuredmedia":[{"embeddable":true,"href":"https:\/\/www.bysomme.com\/index.php\/wp-json\/wp\/v2\/media\/126"}],"wp:attachment":[{"href":"https:\/\/www.bysomme.com\/index.php\/wp-json\/wp\/v2\/media?parent=71"}],"curies":[{"name":"wp","href":"https:\/\/api.w.org\/{rel}","templated":true}]}}