{"id":139,"date":"2026-01-04T19:06:08","date_gmt":"2026-01-04T19:06:08","guid":{"rendered":"https:\/\/www.bysomme.com\/?page_id=139"},"modified":"2026-01-04T19:06:08","modified_gmt":"2026-01-04T19:06:08","slug":"reservations-et-paiements","status":"publish","type":"page","link":"https:\/\/www.bysomme.com\/index.php\/reservations-et-paiements\/","title":{"rendered":"R\u00e9servations et Paiements"},"content":{"rendered":"\n<p><strong>Comment r\u00e9server votre s\u00e9jour<\/strong><\/p>\n\n\n\n<p>La r\u00e9servation de notre g\u00eete s\u2019effectue simplement et en toute transparence.<\/p>\n\n\n\n<div class=\"wp-block-columns is-layout-flex wp-container-core-columns-is-layout-9d6595d7 wp-block-columns-is-layout-flex\">\n<div class=\"wp-block-column is-layout-flow wp-block-column-is-layout-flow\" style=\"flex-basis:100%\">\n<ol start=\"1\" class=\"wp-block-list\">\n<li><strong>Demande de r\u00e9servation<\/strong><br>Contactez nous via le formulaire de contact du site, par e-mail ou par t\u00e9l\u00e9phone, en pr\u00e9cisant :\n<ul class=\"wp-block-list\">\n<li>vos dates souhait\u00e9es,<\/li>\n\n\n\n<li>le nombre de personnes,<\/li>\n\n\n\n<li>toute demande particuli\u00e8re.  <\/li>\n<\/ul>\n<\/li>\n\n\n\n<li><strong>Confirmation de disponibilit\u00e9<\/strong><br>Nous vous confirmons rapidement la disponibilit\u00e9 du logement ainsi que le tarif correspondant \u00e0 votre s\u00e9jour.<\/li>\n\n\n\n<li><strong>Validation de la r\u00e9servation<\/strong><br>La r\u00e9servation devient effective apr\u00e8s :\n<ul class=\"wp-block-list\">\n<li>notre confirmation \u00e9crite,<\/li>\n\n\n\n<li>et la r\u00e9ception d\u2019un acompte (50%) ou du r\u00e8glement selon les modalit\u00e9s convenues.<\/li>\n<\/ul>\n<\/li>\n<\/ol>\n<\/div>\n<\/div>\n\n\n\n<p><strong>Modalit\u00e9s de paiement<\/strong><\/p>\n\n\n\n<ul class=\"wp-block-list\">\n<li>Le paiement s\u2019effectue par virement bancaire.<\/li>\n\n\n\n<li>Les coordonn\u00e9es bancaires (RIB) sont transmises uniquement apr\u00e8s validation de la demande de r\u00e9servation.<\/li>\n\n\n\n<li>Le solde du s\u00e9jour est \u00e0 r\u00e9gler avant ou \u00e0 l\u2019arriv\u00e9e, selon les conditions pr\u00e9cis\u00e9es lors de la confirmation. (virement WERO ou esp\u00e8ces)<\/li>\n\n\n\n<li>Nous ne disposons pas de terminal de paiement en CB<\/li>\n\n\n\n<li>Cheque bancaire non accept\u00e9<\/li>\n<\/ul>\n\n\n\n<p><\/p>\n\n\n\n<p><strong>Besoin d\u2019informations ?<\/strong><\/p>\n\n\n\n<p>Pour toute question concernant une r\u00e9servation, un paiement ou votre s\u00e9jour, nous restons \u00e0 votre disposition.<\/p>\n\n\n\n<p>N\u2019h\u00e9sitez pas \u00e0 nous contacter, nous serons ravis de vous accompagner dans l\u2019organisation de votre escapade<\/p>\n\n\n\n<p><\/p>\n","protected":false},"excerpt":{"rendered":"<p>Comment r\u00e9server votre s\u00e9jour La r\u00e9servation de notre g\u00eete s\u2019effectue simplement et en toute transparence. Modalit\u00e9s de paiement Besoin d\u2019informations ? Pour toute question concernant une r\u00e9servation, un paiement ou votre s\u00e9jour, nous restons \u00e0 votre disposition. N\u2019h\u00e9sitez pas \u00e0 nous contacter, nous serons ravis de vous accompagner dans l\u2019organisation de votre escapade<\/p>\n","protected":false},"author":1,"featured_media":0,"parent":0,"menu_order":0,"comment_status":"closed","ping_status":"closed","template":"","meta":{"footnotes":""},"class_list":["post-139","page","type-page","status-publish","hentry"],"_links":{"self":[{"href":"https:\/\/www.bysomme.com\/index.php\/wp-json\/wp\/v2\/pages\/139","targetHints":{"allow":["GET"]}}],"collection":[{"href":"https:\/\/www.bysomme.com\/index.php\/wp-json\/wp\/v2\/pages"}],"about":[{"href":"https:\/\/www.bysomme.com\/index.php\/wp-json\/wp\/v2\/types\/page"}],"author":[{"embeddable":true,"href":"https:\/\/www.bysomme.com\/index.php\/wp-json\/wp\/v2\/users\/1"}],"replies":[{"embeddable":true,"href":"https:\/\/www.bysomme.com\/index.php\/wp-json\/wp\/v2\/comments?post=139"}],"version-history":[{"count":2,"href":"https:\/\/www.bysomme.com\/index.php\/wp-json\/wp\/v2\/pages\/139\/revisions"}],"predecessor-version":[{"id":141,"href":"https:\/\/www.bysomme.com\/index.php\/wp-json\/wp\/v2\/pages\/139\/revisions\/141"}],"wp:attachment":[{"href":"https:\/\/www.bysomme.com\/index.php\/wp-json\/wp\/v2\/media?parent=139"}],"curies":[{"name":"wp","href":"https:\/\/api.w.org\/{rel}","templated":true}]}}