{"id":13,"date":"2025-12-29T21:55:12","date_gmt":"2025-12-29T21:55:12","guid":{"rendered":"https:\/\/bysomme.com\/?page_id=13"},"modified":"2026-01-27T19:16:31","modified_gmt":"2026-01-27T19:16:31","slug":"a-homepage-section","status":"publish","type":"page","link":"https:\/\/www.bysomme.com\/","title":{"rendered":"Bienvenue au g\u00eete \u00ab\u00a0By Somme\u00a0\u00bb"},"content":{"rendered":"\n<figure class=\"wp-block-image is-resized\"><img loading=\"lazy\" decoding=\"async\" width=\"800\" height=\"800\" src=\"https:\/\/www.bysomme.com\/wp-content\/uploads\/2025\/12\/panonceau-meuble-de-tourisme-4-etoiles.jpg\" alt=\"\" class=\"wp-image-58\" style=\"width:147px;height:auto\" srcset=\"https:\/\/www.bysomme.com\/wp-content\/uploads\/2025\/12\/panonceau-meuble-de-tourisme-4-etoiles.jpg 800w, https:\/\/www.bysomme.com\/wp-content\/uploads\/2025\/12\/panonceau-meuble-de-tourisme-4-etoiles-300x300.jpg 300w, https:\/\/www.bysomme.com\/wp-content\/uploads\/2025\/12\/panonceau-meuble-de-tourisme-4-etoiles-150x150.jpg 150w, https:\/\/www.bysomme.com\/wp-content\/uploads\/2025\/12\/panonceau-meuble-de-tourisme-4-etoiles-768x768.jpg 768w, https:\/\/www.bysomme.com\/wp-content\/uploads\/2025\/12\/panonceau-meuble-de-tourisme-4-etoiles-100x100.jpg 100w\" sizes=\"auto, (max-width: 800px) 100vw, 800px\" \/><\/figure>\n\n\n\n<p><\/p>\n\n\n\n<p><\/p>\n\n\n\n<p>Bienvenue au g\u00eete <em>By Somme<\/em>, un \u00e9crin de bien-\u00eatre et de douceur situ\u00e9 \u00e0 M\u00e9aulte (80300), au c\u0153ur de la Somme. <br>En couple ou entre amis, le confort de ce g\u00eete (<em>Agr\u00e9\u00e9 Meubl\u00e9 de tourisme 4 \u00e9toiles)<\/em> <strong>\u00e9quip\u00e9 de son SPA privatif en acc\u00e8s illimit\u00e9<\/strong> vous permettra de passer des moments inoubliables dans le charme de cette maison picarde r\u00e9nov\u00e9e en 2023<\/p>\n\n\n\n<p>Pens\u00e9 pour les amateurs de calme, de d\u00e9tente et d\u2019instants pr\u00e9cieux \u00e0 deux, notre g\u00eete est l\u2019adresse id\u00e9ale pour une escapade romantique, un s\u00e9jour bien-\u00eatre ou une pause hors du temps.<\/p>\n\n\n\n<p>L\u2019atout incontournable de ce lieu: <strong>son spa privatif \u00e0 usage illimit\u00e9,<\/strong> accessible en toute intimit\u00e9. Offrez vous des moments privil\u00e9gi\u00e9s dans une atmosph\u00e8re propice \u00e0 la relaxation et au l\u00e2cher-prise. Ici, chaque instant invite \u00e0 la d\u00e9connexion et au partage.<\/p>\n\n\n\n<p>Id\u00e9alement situ\u00e9 \u00e0 proximit\u00e9 imm\u00e9diate du Circuit du Souvenir de la Premi\u00e8re Guerre mondiale, le g\u00eete vous permet de d\u00e9couvrir des lieux charg\u00e9s d\u2019histoire et d\u2019\u00e9motion (Thiepval, &nbsp;Lochnagar Crater&#8230;.) tout en profitant des paysages paisibles de la Somme. Une r\u00e9gion parfaite pour alterner d\u00e9couvertes culturelles et moments \u00e0 deux.<\/p>\n\n\n\n<p><em>Confort, intimit\u00e9 et bien-\u00eatre<\/em>, nous avons imagin\u00e9 ce lieu pour que votre s\u00e9jour devienne un souvenir pr\u00e9cieux, empreint de s\u00e9r\u00e9nit\u00e9 et de romantisme.<\/p>\n\n\n\n<p><em>\u00ab\u00a0By Somme\u00a0\u00bb<\/em>, votre parenth\u00e8se romantique et bien-\u00eatre au c\u0153ur de la Somme.<br>Au plaisir de vous accueillir \u00e0 M\u00e9aulte pour un s\u00e9jour inoubliable.<\/p>\n\n\n\n<p>Alexandra et Geoffrey<\/p>\n\n\n\n<div class=\"wp-block-media-text is-stacked-on-mobile\"><figure class=\"wp-block-media-text__media\"><img loading=\"lazy\" decoding=\"async\" width=\"1024\" height=\"683\" src=\"https:\/\/www.bysomme.com\/wp-content\/uploads\/2026\/01\/IMG_6562-2-1024x683.jpg\" alt=\"\" class=\"wp-image-173 size-full\" srcset=\"https:\/\/www.bysomme.com\/wp-content\/uploads\/2026\/01\/IMG_6562-2-1024x683.jpg 1024w, https:\/\/www.bysomme.com\/wp-content\/uploads\/2026\/01\/IMG_6562-2-300x200.jpg 300w, https:\/\/www.bysomme.com\/wp-content\/uploads\/2026\/01\/IMG_6562-2-768x512.jpg 768w, https:\/\/www.bysomme.com\/wp-content\/uploads\/2026\/01\/IMG_6562-2-1536x1024.jpg 1536w, https:\/\/www.bysomme.com\/wp-content\/uploads\/2026\/01\/IMG_6562-2-2048x1365.jpg 2048w\" sizes=\"auto, (max-width: 1024px) 100vw, 1024px\" \/><\/figure><div class=\"wp-block-media-text__content\">\n<p><\/p>\n\n\n\n<p><\/p>\n\n\n\n<figure class=\"wp-block-image size-full is-style-default\"><img loading=\"lazy\" decoding=\"async\" width=\"890\" height=\"130\" src=\"https:\/\/www.bysomme.com\/wp-content\/uploads\/2026\/01\/image.png\" alt=\"\" class=\"wp-image-178\" srcset=\"https:\/\/www.bysomme.com\/wp-content\/uploads\/2026\/01\/image.png 890w, https:\/\/www.bysomme.com\/wp-content\/uploads\/2026\/01\/image-300x44.png 300w, https:\/\/www.bysomme.com\/wp-content\/uploads\/2026\/01\/image-768x112.png 768w\" sizes=\"auto, (max-width: 890px) 100vw, 890px\" \/><\/figure>\n\n\n\n<figure class=\"wp-block-image size-full\"><img loading=\"lazy\" decoding=\"async\" width=\"896\" height=\"162\" src=\"https:\/\/www.bysomme.com\/wp-content\/uploads\/2026\/01\/image-1.png\" alt=\"\" class=\"wp-image-180\" srcset=\"https:\/\/www.bysomme.com\/wp-content\/uploads\/2026\/01\/image-1.png 896w, https:\/\/www.bysomme.com\/wp-content\/uploads\/2026\/01\/image-1-300x54.png 300w, https:\/\/www.bysomme.com\/wp-content\/uploads\/2026\/01\/image-1-768x139.png 768w\" sizes=\"auto, (max-width: 896px) 100vw, 896px\" \/><\/figure>\n\n\n\n<figure class=\"wp-block-image size-full\"><img loading=\"lazy\" decoding=\"async\" width=\"828\" height=\"108\" src=\"https:\/\/www.bysomme.com\/wp-content\/uploads\/2026\/01\/image-2.png\" alt=\"\" class=\"wp-image-181\" srcset=\"https:\/\/www.bysomme.com\/wp-content\/uploads\/2026\/01\/image-2.png 828w, https:\/\/www.bysomme.com\/wp-content\/uploads\/2026\/01\/image-2-300x39.png 300w, https:\/\/www.bysomme.com\/wp-content\/uploads\/2026\/01\/image-2-768x100.png 768w\" sizes=\"auto, (max-width: 828px) 100vw, 828px\" \/><\/figure>\n\n\n\n<p><\/p>\n\n\n\n<p><\/p>\n<\/div><\/div>\n\n\n\n<p><\/p>\n","protected":false},"excerpt":{"rendered":"<p>Bienvenue au g\u00eete By Somme, un \u00e9crin de bien-\u00eatre et de douceur situ\u00e9 \u00e0 M\u00e9aulte (80300), au c\u0153ur de la Somme. En couple ou entre amis, le confort de ce g\u00eete (Agr\u00e9\u00e9 Meubl\u00e9 de tourisme 4 \u00e9toiles) \u00e9quip\u00e9 de son SPA privatif en acc\u00e8s illimit\u00e9 vous permettra de passer des moments inoubliables dans le charme<\/p>\n<div class=\"more-link\">\n\t\t\t\t <a href=\"https:\/\/www.bysomme.com\/\" class=\"link-btn theme-btn\"><span>Read More <\/span> <i class=\"fa fa-caret-right\"><\/i><\/a>\n\t\t\t<\/div>\n","protected":false},"author":1,"featured_media":55,"parent":0,"menu_order":0,"comment_status":"closed","ping_status":"closed","template":"","meta":{"footnotes":""},"class_list":["post-13","page","type-page","status-publish","has-post-thumbnail","hentry"],"_links":{"self":[{"href":"https:\/\/www.bysomme.com\/index.php\/wp-json\/wp\/v2\/pages\/13","targetHints":{"allow":["GET"]}}],"collection":[{"href":"https:\/\/www.bysomme.com\/index.php\/wp-json\/wp\/v2\/pages"}],"about":[{"href":"https:\/\/www.bysomme.com\/index.php\/wp-json\/wp\/v2\/types\/page"}],"author":[{"embeddable":true,"href":"https:\/\/www.bysomme.com\/index.php\/wp-json\/wp\/v2\/users\/1"}],"replies":[{"embeddable":true,"href":"https:\/\/www.bysomme.com\/index.php\/wp-json\/wp\/v2\/comments?post=13"}],"version-history":[{"count":13,"href":"https:\/\/www.bysomme.com\/index.php\/wp-json\/wp\/v2\/pages\/13\/revisions"}],"predecessor-version":[{"id":183,"href":"https:\/\/www.bysomme.com\/index.php\/wp-json\/wp\/v2\/pages\/13\/revisions\/183"}],"wp:featuredmedia":[{"embeddable":true,"href":"https:\/\/www.bysomme.com\/index.php\/wp-json\/wp\/v2\/media\/55"}],"wp:attachment":[{"href":"https:\/\/www.bysomme.com\/index.php\/wp-json\/wp\/v2\/media?parent=13"}],"curies":[{"name":"wp","href":"https:\/\/api.w.org\/{rel}","templated":true}]}}